{"id":41,"date":"2021-02-20T18:55:51","date_gmt":"2021-02-20T18:55:51","guid":{"rendered":"https:\/\/abra-cleaner.pl\/?page_id=41"},"modified":"2021-02-20T19:50:49","modified_gmt":"2021-02-20T19:50:49","slug":"kontakt","status":"publish","type":"page","link":"https:\/\/abra-cleaner.pl\/index.php\/kontakt\/","title":{"rendered":"Kontakt"},"content":{"rendered":"\n<p>Skontaktuj si\u0119 z nami, aby uzyska\u0107 wi\u0119cej informacji na temat naszych produkt\u00f3w.&nbsp; Nasz wykwalifikowany zesp\u00f3\u0142 obs\u0142ugi klienta pomo\u017ce Ci znale\u017a\u0107 dok\u0142adnie to, czego potrzebujesz oraz zapewni doradztwo w zakresie wyboru naszych produkt\u00f3w i opcji dostawy.<\/p>\n\n\n\n<p>Przedsi\u0119biorstwo Chemiczne \u201eABRA\u201d- Dariusz Szczygielski<\/p>\n\n\n\n<p>Adres:<\/p>\n\n\n\n<p>ul. Franciszka\u0144ska 151\/155<\/p>\n\n\n\n<p>91-850 \u0141\u00f3d\u017a<\/p>\n\n\n\n<p>Adres zak\u0142adu:<\/p>\n\n\n\n<p>ul. Energetyk\u00f3w 4a<\/p>\n\n\n\n<p>95-100 Zgierz<\/p>\n\n\n\n<p>Tel.&nbsp;&nbsp;&nbsp;&nbsp;&nbsp;&nbsp;&nbsp;&nbsp;&nbsp;&nbsp;&nbsp;&nbsp;&nbsp;&nbsp;&nbsp;&nbsp;&nbsp;&nbsp;&nbsp;&nbsp;&nbsp;&nbsp;&nbsp;&nbsp;&nbsp;&nbsp;&nbsp;&nbsp;&nbsp;&nbsp;&nbsp;&nbsp;&nbsp;&nbsp;504010623<\/p>\n\n\n\n<p>abra1963@o2.pl<\/p>\n\n\n\n<p>www.abra-cleaner.pl<\/p>\n","protected":false},"excerpt":{"rendered":"<p>Skontaktuj si\u0119 z nami, aby uzyska\u0107 wi\u0119cej informacji na temat naszych produkt\u00f3w.&nbsp; Nasz wykwalifikowany zesp\u00f3\u0142 obs\u0142ugi klienta pomo\u017ce Ci znale\u017a\u0107 dok\u0142adnie to, czego potrzebujesz oraz zapewni doradztwo w zakresie wyboru naszych produkt\u00f3w i opcji dostawy. Przedsi\u0119biorstwo Chemiczne \u201eABRA\u201d- Dariusz Szczygielski Adres: ul. Franciszka\u0144ska 151\/155 91-850 \u0141\u00f3d\u017a Adres zak\u0142adu: ul. Energetyk\u00f3w 4a 95-100 Zgierz Tel.&nbsp;&nbsp;&nbsp;&nbsp;&nbsp;&nbsp;&nbsp;&nbsp;&nbsp;&nbsp;&nbsp;&nbsp;&nbsp;&nbsp;&nbsp;&nbsp;&nbsp;&nbsp;&nbsp;&nbsp;&nbsp;&nbsp;&nbsp;&nbsp;&nbsp;&nbsp;&nbsp;&nbsp;&nbsp;&nbsp;&nbsp;&nbsp;&nbsp;&nbsp;504010623 abra1963@o2.pl &hellip; <\/p>\n<p class=\"link-more\"><a href=\"https:\/\/abra-cleaner.pl\/index.php\/kontakt\/\" class=\"more-link\">Czytaj dalej<span class=\"screen-reader-text\"> \u201eKontakt\u201d<\/span><\/a><\/p>\n","protected":false},"author":1,"featured_media":70,"parent":0,"menu_order":0,"comment_status":"closed","ping_status":"closed","template":"","meta":{"footnotes":""},"class_list":["post-41","page","type-page","status-publish","has-post-thumbnail","hentry"],"_links":{"self":[{"href":"https:\/\/abra-cleaner.pl\/index.php\/wp-json\/wp\/v2\/pages\/41","targetHints":{"allow":["GET"]}}],"collection":[{"href":"https:\/\/abra-cleaner.pl\/index.php\/wp-json\/wp\/v2\/pages"}],"about":[{"href":"https:\/\/abra-cleaner.pl\/index.php\/wp-json\/wp\/v2\/types\/page"}],"author":[{"embeddable":true,"href":"https:\/\/abra-cleaner.pl\/index.php\/wp-json\/wp\/v2\/users\/1"}],"replies":[{"embeddable":true,"href":"https:\/\/abra-cleaner.pl\/index.php\/wp-json\/wp\/v2\/comments?post=41"}],"version-history":[{"count":1,"href":"https:\/\/abra-cleaner.pl\/index.php\/wp-json\/wp\/v2\/pages\/41\/revisions"}],"predecessor-version":[{"id":42,"href":"https:\/\/abra-cleaner.pl\/index.php\/wp-json\/wp\/v2\/pages\/41\/revisions\/42"}],"wp:featuredmedia":[{"embeddable":true,"href":"https:\/\/abra-cleaner.pl\/index.php\/wp-json\/wp\/v2\/media\/70"}],"wp:attachment":[{"href":"https:\/\/abra-cleaner.pl\/index.php\/wp-json\/wp\/v2\/media?parent=41"}],"curies":[{"name":"wp","href":"https:\/\/api.w.org\/{rel}","templated":true}]}}