{"id":30,"date":"2021-02-20T18:40:59","date_gmt":"2021-02-20T18:40:59","guid":{"rendered":"https:\/\/abra-cleaner.pl\/?page_id=30"},"modified":"2021-02-20T19:49:42","modified_gmt":"2021-02-20T19:49:42","slug":"o-nas","status":"publish","type":"page","link":"https:\/\/abra-cleaner.pl\/index.php\/o-nas\/","title":{"rendered":"O Nas"},"content":{"rendered":"\n<p>Firma istnieje od 1996 roku. Po wprowadzeniu pierwszego produktu na rynek s\u0142u\u017c\u0105cego do czyszczenia muszli klozetowych i dzi\u0119ki znakomitemu przyj\u0119ciu produktu przez klient\u00f3w rozszerzyli\u015bmy asortyment o p\u0142yn do mycia nagrobk\u00f3w oraz kostki brukowej. Niedawno zgodnie z oczekiwaniami klient\u00f3w dodali\u015bmy p\u0142yn do mycia wc w postaci zag\u0119szczonej. Stale staramy si\u0119 by\u0107 wyj\u0105tkow\u0105 firm\u0105. ABRA koncentruje si\u0119 na dostarczaniu wysokiej jako\u015bci produkt\u00f3w dla naszych klient\u00f3w. Dodatkowo, nasze wysi\u0142ki wykraczaj\u0105 poza dostarczanie wyj\u0105tkowych produkt\u00f3w tym, kt\u00f3rzy ich potrzebuj\u0105. ABRA prowadzi badania oraz stale poszukuje mo\u017cliwo\u015bci rozwoju technologii i produkt\u00f3w, kt\u00f3re b\u0119d\u0105 mia\u0142y wi\u0119kszy wp\u0142yw na komfort ich stosowania&nbsp; i skuteczno\u015b\u0107 dzia\u0142ania.<\/p>\n","protected":false},"excerpt":{"rendered":"<p>Firma istnieje od 1996 roku. Po wprowadzeniu pierwszego produktu na rynek s\u0142u\u017c\u0105cego do czyszczenia muszli klozetowych i dzi\u0119ki znakomitemu przyj\u0119ciu produktu przez klient\u00f3w rozszerzyli\u015bmy asortyment o p\u0142yn do mycia nagrobk\u00f3w oraz kostki brukowej. Niedawno zgodnie z oczekiwaniami klient\u00f3w dodali\u015bmy p\u0142yn do mycia wc w postaci zag\u0119szczonej. Stale staramy si\u0119 by\u0107 wyj\u0105tkow\u0105 firm\u0105. ABRA koncentruje si\u0119 &hellip; <\/p>\n<p class=\"link-more\"><a href=\"https:\/\/abra-cleaner.pl\/index.php\/o-nas\/\" class=\"more-link\">Czytaj dalej<span class=\"screen-reader-text\"> \u201eO Nas\u201d<\/span><\/a><\/p>\n","protected":false},"author":1,"featured_media":72,"parent":0,"menu_order":0,"comment_status":"closed","ping_status":"closed","template":"","meta":{"footnotes":""},"class_list":["post-30","page","type-page","status-publish","has-post-thumbnail","hentry"],"_links":{"self":[{"href":"https:\/\/abra-cleaner.pl\/index.php\/wp-json\/wp\/v2\/pages\/30","targetHints":{"allow":["GET"]}}],"collection":[{"href":"https:\/\/abra-cleaner.pl\/index.php\/wp-json\/wp\/v2\/pages"}],"about":[{"href":"https:\/\/abra-cleaner.pl\/index.php\/wp-json\/wp\/v2\/types\/page"}],"author":[{"embeddable":true,"href":"https:\/\/abra-cleaner.pl\/index.php\/wp-json\/wp\/v2\/users\/1"}],"replies":[{"embeddable":true,"href":"https:\/\/abra-cleaner.pl\/index.php\/wp-json\/wp\/v2\/comments?post=30"}],"version-history":[{"count":2,"href":"https:\/\/abra-cleaner.pl\/index.php\/wp-json\/wp\/v2\/pages\/30\/revisions"}],"predecessor-version":[{"id":75,"href":"https:\/\/abra-cleaner.pl\/index.php\/wp-json\/wp\/v2\/pages\/30\/revisions\/75"}],"wp:featuredmedia":[{"embeddable":true,"href":"https:\/\/abra-cleaner.pl\/index.php\/wp-json\/wp\/v2\/media\/72"}],"wp:attachment":[{"href":"https:\/\/abra-cleaner.pl\/index.php\/wp-json\/wp\/v2\/media?parent=30"}],"curies":[{"name":"wp","href":"https:\/\/api.w.org\/{rel}","templated":true}]}}